{"id":3,"date":"2022-09-30T11:45:36","date_gmt":"2022-09-30T09:45:36","guid":{"rendered":"https:\/\/www.alexispinturault.com\/?page_id=3"},"modified":"2022-10-13T14:13:28","modified_gmt":"2022-10-13T12:13:28","slug":"mentions-legales","status":"publish","type":"page","link":"https:\/\/www.alexispinturault.com\/eng\/mentions-legales\/","title":{"rendered":"Mentions L\u00e9gales"},"content":{"rendered":"<div data-elementor-type=\"wp-page\" data-elementor-id=\"3\" class=\"elementor elementor-3\" data-elementor-post-type=\"page\">\n\t\t\t\t\t\t<section class=\"ob-is-breaking-bad elementor-section elementor-top-section elementor-element elementor-element-7d891dea elementor-section-boxed elementor-section-height-default elementor-section-height-default\" data-id=\"7d891dea\" data-element_type=\"section\" data-e-type=\"section\" data-settings=\"{&quot;_ob_bbad_use_it&quot;:&quot;yes&quot;,&quot;_ob_bbad_sssic_use&quot;:&quot;no&quot;,&quot;_ob_glider_is_slider&quot;:&quot;no&quot;}\">\n\t\t\t\t\t\t<div class=\"elementor-container elementor-column-gap-default\">\n\t\t\t\t\t<div class=\"elementor-column elementor-col-100 elementor-top-column elementor-element elementor-element-7ef79a60\" data-id=\"7ef79a60\" data-element_type=\"column\" data-e-type=\"column\" data-settings=\"{&quot;_ob_bbad_is_stalker&quot;:&quot;no&quot;,&quot;_ob_teleporter_use&quot;:false,&quot;_ob_column_hoveranimator&quot;:&quot;no&quot;,&quot;_ob_column_has_pseudo&quot;:&quot;no&quot;}\">\n\t\t\t<div class=\"elementor-widget-wrap elementor-element-populated\">\n\t\t\t\t\t\t<div class=\"elementor-element elementor-element-c064bd6 ob-harakiri-inherit ob-has-background-overlay elementor-widget elementor-widget-heading\" data-id=\"c064bd6\" data-element_type=\"widget\" data-e-type=\"widget\" data-settings=\"{&quot;_ob_use_harakiri&quot;:&quot;yes&quot;,&quot;_ob_harakiri_writing_mode&quot;:&quot;inherit&quot;,&quot;_ob_harakiri_text_clip&quot;:&quot;none&quot;,&quot;_ob_perspektive_use&quot;:&quot;no&quot;,&quot;_ob_poopart_use&quot;:&quot;yes&quot;,&quot;_ob_shadough_use&quot;:&quot;no&quot;,&quot;_ob_allow_hoveranimator&quot;:&quot;no&quot;,&quot;_ob_widget_stalker_use&quot;:&quot;no&quot;}\" data-widget_type=\"heading.default\">\n\t\t\t\t<div class=\"elementor-widget-container\">\n\t\t\t\t\t<h1 class=\"elementor-heading-title elementor-size-default\">Mentions L\u00e9gales<\/h1>\t\t\t\t<\/div>\n\t\t\t\t<\/div>\n\t\t\t\t<div class=\"elementor-element elementor-element-473bf2f8 ob-harakiri-inherit ob-has-background-overlay elementor-widget elementor-widget-text-editor\" data-id=\"473bf2f8\" data-element_type=\"widget\" data-e-type=\"widget\" data-settings=\"{&quot;_ob_use_harakiri&quot;:&quot;yes&quot;,&quot;_ob_harakiri_writing_mode&quot;:&quot;inherit&quot;,&quot;_ob_postman_use&quot;:&quot;no&quot;,&quot;_ob_perspektive_use&quot;:&quot;no&quot;,&quot;_ob_poopart_use&quot;:&quot;yes&quot;,&quot;_ob_shadough_use&quot;:&quot;no&quot;,&quot;_ob_allow_hoveranimator&quot;:&quot;no&quot;,&quot;_ob_widget_stalker_use&quot;:&quot;no&quot;}\" data-widget_type=\"text-editor.default\">\n\t\t\t\t<div class=\"elementor-widget-container\">\n\t\t\t\t\t\t\t\t\t\n<p><\/p>\n<p>Le site https:\/\/www.alexispinturault.com est \u00e9dit\u00e9 par SAS ALEXSKI<br \/>Si\u00e8ge social\u00a0: 734 route de l\u2019Altiport\u00a073120 Courchevel<br \/>Email\u00a0: pinturaultromane@gmail.com<\/p>\n<p>Directeur de la publication <br \/>Alexis Pinturault <br \/>Directeur de la communication<br \/>Romane Pinturault<\/p>\n<p>H\u00e9bergeur du site\u00a0: <br \/>TEAMINFO Place du ch\u00e2teau 73260 AIGUEBLANCHE S.A.R.L. au capital de 8 000\u20ac RCS CHAMBERY SIRET : 51856571800013 APE : 4741Z Directeur de la publication : Michael DANIS.<\/p>\n<p>Webdesign et r\u00e9alisation du site<br \/>L\u2019\u00e9quipe Janeband.com<\/p>\n\t\t\t\t\t\t\t\t<\/div>\n\t\t\t\t<\/div>\n\t\t\t\t\t<\/div>\n\t\t<\/div>\n\t\t\t\t\t<\/div>\n\t\t<\/section>\n\t\t\t\t<\/div>","protected":false},"excerpt":{"rendered":"<p>Le site https:\/\/www.alexispinturault.com est \u00e9dit\u00e9 par SAS ALEXSKISi\u00e8ge social\u00a0: 734 route de l\u2019Altiport\u00a073120 CourchevelEmail\u00a0: pinturaultromane@gmail.com Directeur de la publication Alexis Pinturault Directeur de la communicationRomane Pinturault H\u00e9bergeur du site\u00a0: TEAMINFO Place du ch\u00e2teau 73260 AIGUEBLANCHE S.A.R.L. au capital de 8 000\u20ac RCS CHAMBERY SIRET : 51856571800013 APE : 4741Z Directeur de la publication : Michael [&hellip;]<\/p>","protected":false},"author":1,"featured_media":0,"parent":0,"menu_order":0,"comment_status":"closed","ping_status":"closed","template":"","meta":{"_acf_changed":false,"footnotes":""},"class_list":["post-3","page","type-page","status-publish","hentry"],"acf":[],"yoast_head":"<!-- This site is optimized with the Yoast SEO plugin v26.9 - https:\/\/yoast.com\/product\/yoast-seo-wordpress\/ -->\n<title>Mentions L\u00e9gales - Alexis Pinturault<\/title>\n<meta name=\"robots\" content=\"index, follow, max-snippet:-1, max-image-preview:large, max-video-preview:-1\" \/>\n<link rel=\"canonical\" href=\"https:\/\/www.alexispinturault.com\/eng\/mentions-legales\/\" \/>\n<meta property=\"og:locale\" content=\"en_GB\" \/>\n<meta property=\"og:type\" content=\"article\" \/>\n<meta property=\"og:title\" content=\"Mentions L\u00e9gales - Alexis Pinturault\" \/>\n<meta property=\"og:description\" content=\"Le site https:\/\/www.alexispinturault.com est \u00e9dit\u00e9 par SAS ALEXSKISi\u00e8ge social\u00a0: 734 route de l\u2019Altiport\u00a073120 CourchevelEmail\u00a0: pinturaultromane@gmail.com Directeur de la publication Alexis Pinturault Directeur de la communicationRomane Pinturault H\u00e9bergeur du site\u00a0: TEAMINFO Place du ch\u00e2teau 73260 AIGUEBLANCHE S.A.R.L. au capital de 8 000\u20ac RCS CHAMBERY SIRET : 51856571800013 APE : 4741Z Directeur de la publication : Michael [&hellip;]\" \/>\n<meta property=\"og:url\" content=\"https:\/\/www.alexispinturault.com\/eng\/mentions-legales\/\" \/>\n<meta property=\"og:site_name\" content=\"Alexis Pinturault\" \/>\n<meta property=\"article:modified_time\" content=\"2022-10-13T12:13:28+00:00\" \/>\n<meta name=\"twitter:card\" content=\"summary_large_image\" \/>\n<script type=\"application\/ld+json\" class=\"yoast-schema-graph\">{\"@context\":\"https:\/\/schema.org\",\"@graph\":[{\"@type\":\"WebPage\",\"@id\":\"https:\/\/www.alexispinturault.com\/mentions-legales\/\",\"url\":\"https:\/\/www.alexispinturault.com\/mentions-legales\/\",\"name\":\"Mentions L\u00e9gales - Alexis Pinturault\",\"isPartOf\":{\"@id\":\"https:\/\/www.alexispinturault.com\/#website\"},\"datePublished\":\"2022-09-30T09:45:36+00:00\",\"dateModified\":\"2022-10-13T12:13:28+00:00\",\"breadcrumb\":{\"@id\":\"https:\/\/www.alexispinturault.com\/mentions-legales\/#breadcrumb\"},\"inLanguage\":\"en-GB\",\"potentialAction\":[{\"@type\":\"ReadAction\",\"target\":[\"https:\/\/www.alexispinturault.com\/mentions-legales\/\"]}]},{\"@type\":\"BreadcrumbList\",\"@id\":\"https:\/\/www.alexispinturault.com\/mentions-legales\/#breadcrumb\",\"itemListElement\":[{\"@type\":\"ListItem\",\"position\":1,\"name\":\"Accueil\",\"item\":\"https:\/\/www.alexispinturault.com\/\"},{\"@type\":\"ListItem\",\"position\":2,\"name\":\"Mentions L\u00e9gales\"}]},{\"@type\":\"WebSite\",\"@id\":\"https:\/\/www.alexispinturault.com\/#website\",\"url\":\"https:\/\/www.alexispinturault.com\/\",\"name\":\"Alexis Pinturault\",\"description\":\"Un site utilisant WordPress\",\"potentialAction\":[{\"@type\":\"SearchAction\",\"target\":{\"@type\":\"EntryPoint\",\"urlTemplate\":\"https:\/\/www.alexispinturault.com\/?s={search_term_string}\"},\"query-input\":{\"@type\":\"PropertyValueSpecification\",\"valueRequired\":true,\"valueName\":\"search_term_string\"}}],\"inLanguage\":\"en-GB\"}]}<\/script>\n<!-- \/ Yoast SEO plugin. -->","yoast_head_json":{"title":"Mentions L\u00e9gales - Alexis Pinturault","robots":{"index":"index","follow":"follow","max-snippet":"max-snippet:-1","max-image-preview":"max-image-preview:large","max-video-preview":"max-video-preview:-1"},"canonical":"https:\/\/www.alexispinturault.com\/eng\/mentions-legales\/","og_locale":"en_GB","og_type":"article","og_title":"Mentions L\u00e9gales - Alexis Pinturault","og_description":"Le site https:\/\/www.alexispinturault.com est \u00e9dit\u00e9 par SAS ALEXSKISi\u00e8ge social\u00a0: 734 route de l\u2019Altiport\u00a073120 CourchevelEmail\u00a0: pinturaultromane@gmail.com Directeur de la publication Alexis Pinturault Directeur de la communicationRomane Pinturault H\u00e9bergeur du site\u00a0: TEAMINFO Place du ch\u00e2teau 73260 AIGUEBLANCHE S.A.R.L. au capital de 8 000\u20ac RCS CHAMBERY SIRET : 51856571800013 APE : 4741Z Directeur de la publication : Michael [&hellip;]","og_url":"https:\/\/www.alexispinturault.com\/eng\/mentions-legales\/","og_site_name":"Alexis Pinturault","article_modified_time":"2022-10-13T12:13:28+00:00","twitter_card":"summary_large_image","schema":{"@context":"https:\/\/schema.org","@graph":[{"@type":"WebPage","@id":"https:\/\/www.alexispinturault.com\/mentions-legales\/","url":"https:\/\/www.alexispinturault.com\/mentions-legales\/","name":"Mentions L\u00e9gales - Alexis Pinturault","isPartOf":{"@id":"https:\/\/www.alexispinturault.com\/#website"},"datePublished":"2022-09-30T09:45:36+00:00","dateModified":"2022-10-13T12:13:28+00:00","breadcrumb":{"@id":"https:\/\/www.alexispinturault.com\/mentions-legales\/#breadcrumb"},"inLanguage":"en-GB","potentialAction":[{"@type":"ReadAction","target":["https:\/\/www.alexispinturault.com\/mentions-legales\/"]}]},{"@type":"BreadcrumbList","@id":"https:\/\/www.alexispinturault.com\/mentions-legales\/#breadcrumb","itemListElement":[{"@type":"ListItem","position":1,"name":"Accueil","item":"https:\/\/www.alexispinturault.com\/"},{"@type":"ListItem","position":2,"name":"Mentions L\u00e9gales"}]},{"@type":"WebSite","@id":"https:\/\/www.alexispinturault.com\/#website","url":"https:\/\/www.alexispinturault.com\/","name":"Alexis Pinturault","description":"Un site utilisant WordPress","potentialAction":[{"@type":"SearchAction","target":{"@type":"EntryPoint","urlTemplate":"https:\/\/www.alexispinturault.com\/?s={search_term_string}"},"query-input":{"@type":"PropertyValueSpecification","valueRequired":true,"valueName":"search_term_string"}}],"inLanguage":"en-GB"}]}},"_links":{"self":[{"href":"https:\/\/www.alexispinturault.com\/eng\/wp-json\/wp\/v2\/pages\/3","targetHints":{"allow":["GET"]}}],"collection":[{"href":"https:\/\/www.alexispinturault.com\/eng\/wp-json\/wp\/v2\/pages"}],"about":[{"href":"https:\/\/www.alexispinturault.com\/eng\/wp-json\/wp\/v2\/types\/page"}],"author":[{"embeddable":true,"href":"https:\/\/www.alexispinturault.com\/eng\/wp-json\/wp\/v2\/users\/1"}],"replies":[{"embeddable":true,"href":"https:\/\/www.alexispinturault.com\/eng\/wp-json\/wp\/v2\/comments?post=3"}],"version-history":[{"count":6,"href":"https:\/\/www.alexispinturault.com\/eng\/wp-json\/wp\/v2\/pages\/3\/revisions"}],"predecessor-version":[{"id":954,"href":"https:\/\/www.alexispinturault.com\/eng\/wp-json\/wp\/v2\/pages\/3\/revisions\/954"}],"wp:attachment":[{"href":"https:\/\/www.alexispinturault.com\/eng\/wp-json\/wp\/v2\/media?parent=3"}],"curies":[{"name":"wp","href":"https:\/\/api.w.org\/{rel}","templated":true}]}}