{"id":34,"date":"2022-10-04T17:14:36","date_gmt":"2022-10-04T15:14:36","guid":{"rendered":"https:\/\/www.alexispinturault.com\/?page_id=34"},"modified":"2023-05-19T04:39:43","modified_gmt":"2023-05-19T02:39:43","slug":"media","status":"publish","type":"page","link":"https:\/\/www.alexispinturault.com\/eng\/media\/","title":{"rendered":"Media"},"content":{"rendered":"<div data-elementor-type=\"wp-page\" data-elementor-id=\"34\" class=\"elementor elementor-34\" data-elementor-post-type=\"page\">\n\t\t\t\t\t\t<section class=\"ob-is-breaking-bad elementor-section elementor-top-section elementor-element elementor-element-1becc4b elementor-section-full_width elementor-section-height-default elementor-section-height-default\" data-id=\"1becc4b\" data-element_type=\"section\" data-e-type=\"section\" data-settings=\"{&quot;_ob_bbad_use_it&quot;:&quot;yes&quot;,&quot;_ob_bbad_sssic_use&quot;:&quot;no&quot;,&quot;_ob_glider_is_slider&quot;:&quot;no&quot;}\">\n\t\t\t\t\t\t<div class=\"elementor-container elementor-column-gap-no\">\n\t\t\t\t\t<div class=\"elementor-column elementor-col-100 elementor-top-column elementor-element elementor-element-4be66e7\" data-id=\"4be66e7\" data-element_type=\"column\" data-e-type=\"column\" data-settings=\"{&quot;_ob_bbad_is_stalker&quot;:&quot;no&quot;,&quot;_ob_teleporter_use&quot;:false,&quot;_ob_column_hoveranimator&quot;:&quot;no&quot;,&quot;_ob_column_has_pseudo&quot;:&quot;no&quot;}\">\n\t\t\t<div class=\"elementor-widget-wrap elementor-element-populated\">\n\t\t\t\t\t\t<div class=\"elementor-element elementor-element-48e2d5e ob-has-background-overlay elementor-widget elementor-widget-video\" data-id=\"48e2d5e\" data-element_type=\"widget\" data-e-type=\"widget\" data-settings=\"{&quot;youtube_url&quot;:&quot;https:\\\/\\\/youtu.be\\\/VAoe4KofCdY&quot;,&quot;video_type&quot;:&quot;youtube&quot;,&quot;controls&quot;:&quot;yes&quot;,&quot;_ob_perspektive_use&quot;:&quot;no&quot;,&quot;_ob_poopart_use&quot;:&quot;yes&quot;,&quot;_ob_shadough_use&quot;:&quot;no&quot;,&quot;_ob_allow_hoveranimator&quot;:&quot;no&quot;,&quot;_ob_widget_stalker_use&quot;:&quot;no&quot;}\" data-widget_type=\"video.default\">\n\t\t\t\t<div class=\"elementor-widget-container\">\n\t\t\t\t\t\t\t<div class=\"elementor-wrapper elementor-open-inline\">\n\t\t\t<div class=\"elementor-video\"><\/div>\t\t<\/div>\n\t\t\t\t\t\t<\/div>\n\t\t\t\t<\/div>\n\t\t\t\t\t<\/div>\n\t\t<\/div>\n\t\t\t\t\t<\/div>\n\t\t<\/section>\n\t\t\t\t<section class=\"ob-is-breaking-bad elementor-section elementor-top-section elementor-element elementor-element-b44e834 elementor-section-boxed elementor-section-height-default elementor-section-height-default\" data-id=\"b44e834\" data-element_type=\"section\" data-e-type=\"section\" data-settings=\"{&quot;_ob_bbad_use_it&quot;:&quot;yes&quot;,&quot;_ob_bbad_sssic_use&quot;:&quot;no&quot;,&quot;_ob_glider_is_slider&quot;:&quot;no&quot;}\">\n\t\t\t\t\t\t<div class=\"elementor-container elementor-column-gap-default\">\n\t\t\t\t\t<div class=\"elementor-column elementor-col-100 elementor-top-column elementor-element elementor-element-02c6f90\" data-id=\"02c6f90\" data-element_type=\"column\" data-e-type=\"column\" data-settings=\"{&quot;_ob_bbad_is_stalker&quot;:&quot;no&quot;,&quot;_ob_teleporter_use&quot;:false,&quot;_ob_column_hoveranimator&quot;:&quot;no&quot;,&quot;_ob_column_has_pseudo&quot;:&quot;no&quot;}\">\n\t\t\t<div class=\"elementor-widget-wrap elementor-element-populated\">\n\t\t\t\t\t\t<div class=\"elementor-element elementor-element-461e3d7 ob-has-background-overlay elementor-widget elementor-widget-video\" data-id=\"461e3d7\" data-element_type=\"widget\" data-e-type=\"widget\" data-settings=\"{&quot;youtube_url&quot;:&quot;https:\\\/\\\/youtu.be\\\/TqfdT80cVUQ&quot;,&quot;video_type&quot;:&quot;youtube&quot;,&quot;controls&quot;:&quot;yes&quot;,&quot;_ob_perspektive_use&quot;:&quot;no&quot;,&quot;_ob_poopart_use&quot;:&quot;yes&quot;,&quot;_ob_shadough_use&quot;:&quot;no&quot;,&quot;_ob_allow_hoveranimator&quot;:&quot;no&quot;,&quot;_ob_widget_stalker_use&quot;:&quot;no&quot;}\" data-widget_type=\"video.default\">\n\t\t\t\t<div class=\"elementor-widget-container\">\n\t\t\t\t\t\t\t<div class=\"elementor-wrapper elementor-open-inline\">\n\t\t\t<div class=\"elementor-video\"><\/div>\t\t<\/div>\n\t\t\t\t\t\t<\/div>\n\t\t\t\t<\/div>\n\t\t\t\t\t<\/div>\n\t\t<\/div>\n\t\t\t\t\t<\/div>\n\t\t<\/section>\n\t\t\t\t<section class=\"ob-is-breaking-bad elementor-section elementor-top-section elementor-element elementor-element-33d7eae elementor-section-boxed elementor-section-height-default elementor-section-height-default\" data-id=\"33d7eae\" data-element_type=\"section\" data-e-type=\"section\" data-settings=\"{&quot;_ob_bbad_use_it&quot;:&quot;yes&quot;,&quot;_ob_bbad_sssic_use&quot;:&quot;no&quot;,&quot;_ob_glider_is_slider&quot;:&quot;no&quot;}\">\n\t\t\t\t\t\t<div class=\"elementor-container elementor-column-gap-default\">\n\t\t\t\t\t<div class=\"elementor-column elementor-col-100 elementor-top-column elementor-element elementor-element-7dc8e1a\" data-id=\"7dc8e1a\" data-element_type=\"column\" data-e-type=\"column\" data-settings=\"{&quot;_ob_bbad_is_stalker&quot;:&quot;no&quot;,&quot;_ob_teleporter_use&quot;:false,&quot;_ob_column_hoveranimator&quot;:&quot;no&quot;,&quot;_ob_column_has_pseudo&quot;:&quot;no&quot;}\">\n\t\t\t<div class=\"elementor-widget-wrap elementor-element-populated\">\n\t\t\t\t\t\t<div class=\"elementor-element elementor-element-06c62d2 ob-has-background-overlay elementor-widget elementor-widget-video\" data-id=\"06c62d2\" data-element_type=\"widget\" data-e-type=\"widget\" data-settings=\"{&quot;youtube_url&quot;:&quot;https:\\\/\\\/youtu.be\\\/sozvsw23pyU&quot;,&quot;video_type&quot;:&quot;youtube&quot;,&quot;controls&quot;:&quot;yes&quot;,&quot;_ob_perspektive_use&quot;:&quot;no&quot;,&quot;_ob_poopart_use&quot;:&quot;yes&quot;,&quot;_ob_shadough_use&quot;:&quot;no&quot;,&quot;_ob_allow_hoveranimator&quot;:&quot;no&quot;,&quot;_ob_widget_stalker_use&quot;:&quot;no&quot;}\" data-widget_type=\"video.default\">\n\t\t\t\t<div class=\"elementor-widget-container\">\n\t\t\t\t\t\t\t<div class=\"elementor-wrapper elementor-open-inline\">\n\t\t\t<div class=\"elementor-video\"><\/div>\t\t<\/div>\n\t\t\t\t\t\t<\/div>\n\t\t\t\t<\/div>\n\t\t\t\t\t<\/div>\n\t\t<\/div>\n\t\t\t\t\t<\/div>\n\t\t<\/section>\n\t\t\t\t<\/div>","protected":false},"excerpt":{"rendered":"<p>https:\/\/youtu.be\/VAoe4KofCdYhttps:\/\/youtu.be\/TqfdT80cVUQhttps:\/\/youtu.be\/sozvsw23pyU<\/p>","protected":false},"author":1,"featured_media":0,"parent":0,"menu_order":0,"comment_status":"closed","ping_status":"closed","template":"","meta":{"_acf_changed":false,"footnotes":""},"class_list":["post-34","page","type-page","status-publish","hentry"],"acf":[],"yoast_head":"<!-- This site is optimized with the Yoast SEO plugin v27.5 - https:\/\/yoast.com\/product\/yoast-seo-wordpress\/ -->\n<title>Photographies et vid\u00e9os d&#039;Alexis Pinturault, skieur fran\u00e7ais<\/title>\n<meta name=\"description\" content=\"D\u00e9couvrez les photographies et vid\u00e9os d&#039;Alexis Pinturault, skieur fran\u00e7ais de la station de Courchevel, multi-m\u00e9daill\u00e9\" \/>\n<meta name=\"robots\" content=\"index, follow, max-snippet:-1, max-image-preview:large, max-video-preview:-1\" \/>\n<link rel=\"canonical\" href=\"https:\/\/www.alexispinturault.com\/eng\/media\/\" \/>\n<meta property=\"og:locale\" content=\"en_GB\" \/>\n<meta property=\"og:type\" content=\"article\" \/>\n<meta property=\"og:title\" content=\"Photographies et vid\u00e9os d&#039;Alexis Pinturault, skieur fran\u00e7ais\" \/>\n<meta property=\"og:description\" content=\"D\u00e9couvrez les photographies et vid\u00e9os d&#039;Alexis Pinturault, skieur fran\u00e7ais de la station de Courchevel, multi-m\u00e9daill\u00e9\" \/>\n<meta property=\"og:url\" content=\"https:\/\/www.alexispinturault.com\/eng\/media\/\" \/>\n<meta property=\"og:site_name\" content=\"Alexis Pinturault\" \/>\n<meta property=\"article:modified_time\" content=\"2023-05-19T02:39:43+00:00\" \/>\n<meta name=\"twitter:card\" content=\"summary_large_image\" \/>\n<meta name=\"twitter:label1\" content=\"Estimated reading time\" \/>\n\t<meta name=\"twitter:data1\" content=\"28 minutes\" \/>\n<script type=\"application\/ld+json\" class=\"yoast-schema-graph\">{\"@context\":\"https:\\\/\\\/schema.org\",\"@graph\":[{\"@type\":\"WebPage\",\"@id\":\"https:\\\/\\\/www.alexispinturault.com\\\/media\\\/\",\"url\":\"https:\\\/\\\/www.alexispinturault.com\\\/media\\\/\",\"name\":\"Photographies et vid\u00e9os d'Alexis Pinturault, skieur fran\u00e7ais\",\"isPartOf\":{\"@id\":\"https:\\\/\\\/www.alexispinturault.com\\\/#website\"},\"datePublished\":\"2022-10-04T15:14:36+00:00\",\"dateModified\":\"2023-05-19T02:39:43+00:00\",\"description\":\"D\u00e9couvrez les photographies et vid\u00e9os d'Alexis Pinturault, skieur fran\u00e7ais de la station de Courchevel, multi-m\u00e9daill\u00e9\",\"breadcrumb\":{\"@id\":\"https:\\\/\\\/www.alexispinturault.com\\\/media\\\/#breadcrumb\"},\"inLanguage\":\"en-GB\",\"potentialAction\":[{\"@type\":\"ReadAction\",\"target\":[\"https:\\\/\\\/www.alexispinturault.com\\\/media\\\/\"]}]},{\"@type\":\"BreadcrumbList\",\"@id\":\"https:\\\/\\\/www.alexispinturault.com\\\/media\\\/#breadcrumb\",\"itemListElement\":[{\"@type\":\"ListItem\",\"position\":1,\"name\":\"Accueil\",\"item\":\"https:\\\/\\\/www.alexispinturault.com\\\/\"},{\"@type\":\"ListItem\",\"position\":2,\"name\":\"Media\"}]},{\"@type\":\"WebSite\",\"@id\":\"https:\\\/\\\/www.alexispinturault.com\\\/#website\",\"url\":\"https:\\\/\\\/www.alexispinturault.com\\\/\",\"name\":\"Alexis Pinturault\",\"description\":\"Un site utilisant WordPress\",\"potentialAction\":[{\"@type\":\"SearchAction\",\"target\":{\"@type\":\"EntryPoint\",\"urlTemplate\":\"https:\\\/\\\/www.alexispinturault.com\\\/?s={search_term_string}\"},\"query-input\":{\"@type\":\"PropertyValueSpecification\",\"valueRequired\":true,\"valueName\":\"search_term_string\"}}],\"inLanguage\":\"en-GB\"}]}<\/script>\n<!-- \/ Yoast SEO plugin. -->","yoast_head_json":{"title":"Photographies et vid\u00e9os d'Alexis Pinturault, skieur fran\u00e7ais","description":"D\u00e9couvrez les photographies et vid\u00e9os d'Alexis Pinturault, skieur fran\u00e7ais de la station de Courchevel, multi-m\u00e9daill\u00e9","robots":{"index":"index","follow":"follow","max-snippet":"max-snippet:-1","max-image-preview":"max-image-preview:large","max-video-preview":"max-video-preview:-1"},"canonical":"https:\/\/www.alexispinturault.com\/eng\/media\/","og_locale":"en_GB","og_type":"article","og_title":"Photographies et vid\u00e9os d'Alexis Pinturault, skieur fran\u00e7ais","og_description":"D\u00e9couvrez les photographies et vid\u00e9os d'Alexis Pinturault, skieur fran\u00e7ais de la station de Courchevel, multi-m\u00e9daill\u00e9","og_url":"https:\/\/www.alexispinturault.com\/eng\/media\/","og_site_name":"Alexis Pinturault","article_modified_time":"2023-05-19T02:39:43+00:00","twitter_card":"summary_large_image","twitter_misc":{"Estimated reading time":"28 minutes"},"schema":{"@context":"https:\/\/schema.org","@graph":[{"@type":"WebPage","@id":"https:\/\/www.alexispinturault.com\/media\/","url":"https:\/\/www.alexispinturault.com\/media\/","name":"Photographies et vid\u00e9os d'Alexis Pinturault, skieur fran\u00e7ais","isPartOf":{"@id":"https:\/\/www.alexispinturault.com\/#website"},"datePublished":"2022-10-04T15:14:36+00:00","dateModified":"2023-05-19T02:39:43+00:00","description":"D\u00e9couvrez les photographies et vid\u00e9os d'Alexis Pinturault, skieur fran\u00e7ais de la station de Courchevel, multi-m\u00e9daill\u00e9","breadcrumb":{"@id":"https:\/\/www.alexispinturault.com\/media\/#breadcrumb"},"inLanguage":"en-GB","potentialAction":[{"@type":"ReadAction","target":["https:\/\/www.alexispinturault.com\/media\/"]}]},{"@type":"BreadcrumbList","@id":"https:\/\/www.alexispinturault.com\/media\/#breadcrumb","itemListElement":[{"@type":"ListItem","position":1,"name":"Accueil","item":"https:\/\/www.alexispinturault.com\/"},{"@type":"ListItem","position":2,"name":"Media"}]},{"@type":"WebSite","@id":"https:\/\/www.alexispinturault.com\/#website","url":"https:\/\/www.alexispinturault.com\/","name":"Alexis Pinturault","description":"Un site utilisant WordPress","potentialAction":[{"@type":"SearchAction","target":{"@type":"EntryPoint","urlTemplate":"https:\/\/www.alexispinturault.com\/?s={search_term_string}"},"query-input":{"@type":"PropertyValueSpecification","valueRequired":true,"valueName":"search_term_string"}}],"inLanguage":"en-GB"}]}},"_links":{"self":[{"href":"https:\/\/www.alexispinturault.com\/eng\/wp-json\/wp\/v2\/pages\/34","targetHints":{"allow":["GET"]}}],"collection":[{"href":"https:\/\/www.alexispinturault.com\/eng\/wp-json\/wp\/v2\/pages"}],"about":[{"href":"https:\/\/www.alexispinturault.com\/eng\/wp-json\/wp\/v2\/types\/page"}],"author":[{"embeddable":true,"href":"https:\/\/www.alexispinturault.com\/eng\/wp-json\/wp\/v2\/users\/1"}],"replies":[{"embeddable":true,"href":"https:\/\/www.alexispinturault.com\/eng\/wp-json\/wp\/v2\/comments?post=34"}],"version-history":[{"count":78,"href":"https:\/\/www.alexispinturault.com\/eng\/wp-json\/wp\/v2\/pages\/34\/revisions"}],"predecessor-version":[{"id":1384,"href":"https:\/\/www.alexispinturault.com\/eng\/wp-json\/wp\/v2\/pages\/34\/revisions\/1384"}],"wp:attachment":[{"href":"https:\/\/www.alexispinturault.com\/eng\/wp-json\/wp\/v2\/media?parent=34"}],"curies":[{"name":"wp","href":"https:\/\/api.w.org\/{rel}","templated":true}]}}